{"id":15,"date":"2012-01-29T10:19:09","date_gmt":"2012-01-29T10:19:09","guid":{"rendered":"https:\/\/satyayoga.se\/?page_id=15"},"modified":"2020-10-11T13:02:29","modified_gmt":"2020-10-11T13:02:29","slug":"kontakt","status":"publish","type":"page","link":"https:\/\/satyayoga.se\/en\/kontakt\/","title":{"rendered":"Contact"},"content":{"rendered":"<p><\/p>\n<p><a href=\"https:\/\/goo.gl\/maps\/dSJ8W1VDa8E8aJFDA\">K\u00e4vlinge: Shaktiyoga. Bruksgatan 5, 244 30 K\u00e4vlinge<\/a><\/p>\n<p><a href=\"https:\/\/goo.gl\/maps\/BVQF2jGLdEK2\">Esl\u00f6v: Rygg- och Idrottscentrum. Vasagatan 2C, Esl\u00f6v<\/a><\/p>\n<p><iframe loading=\"lazy\" src=\"https:\/\/www.google.com\/maps\/d\/u\/0\/embed?mid=1NvWHSFGS1G9fzuAFJuryYKYi8CERoU68\" width=\"640\" height=\"480\"><\/iframe><\/p>\n<p>Office and postal address: Satya Yoga, c\/o Julie Yudina, S\u00f6dra v\u00e4gen 7C, Lund. Tel: 0762-30 17 11<\/p>\n<p><strong>Contact Form<\/strong><\/p>\n<p><em>To ask questions or leave feedback about my courses, website or yoga in general, send an e-mail to julie(a)satyayoga.se or fill in the form below.<\/em><\/p>\n<address>\n<div class=\"wpcf7 no-js\" id=\"wpcf7-f2136-o2\" lang=\"en-US\" dir=\"ltr\" data-wpcf7-id=\"2136\">\n<div class=\"screen-reader-response\"><p role=\"status\" aria-live=\"polite\" aria-atomic=\"true\"><\/p> <ul><\/ul><\/div>\n<form action=\"\/en\/wp-json\/wp\/v2\/pages\/15#wpcf7-f2136-o2\" method=\"post\" class=\"wpcf7-form init\" aria-label=\"Contact form\" novalidate=\"novalidate\" data-status=\"init\">\n<fieldset class=\"hidden-fields-container\"><input type=\"hidden\" name=\"_wpcf7\" value=\"2136\" \/><input type=\"hidden\" name=\"_wpcf7_version\" value=\"6.1.5\" \/><input type=\"hidden\" name=\"_wpcf7_locale\" value=\"en_US\" \/><input type=\"hidden\" name=\"_wpcf7_unit_tag\" value=\"wpcf7-f2136-o2\" \/><input type=\"hidden\" name=\"_wpcf7_container_post\" value=\"0\" \/><input type=\"hidden\" name=\"_wpcf7_posted_data_hash\" value=\"\" \/>\n<\/fieldset>\n<div class=\"satyaform\" style=\"background-color:#fffbe8; padding-left: 6px; width: 60%;\">\n\t<p>Namn*\n\t<\/p>\n\t<p><span class=\"wpcf7-form-control-wrap\" data-name=\"your-name\"><input size=\"40\" maxlength=\"400\" class=\"wpcf7-form-control wpcf7-text wpcf7-validates-as-required\" aria-required=\"true\" aria-invalid=\"false\" value=\"\" type=\"text\" name=\"your-name\" \/><\/span>\n\t<\/p>\n\t<p>E-Post*\n\t<\/p>\n\t<p><span class=\"wpcf7-form-control-wrap\" data-name=\"your-email\"><input size=\"40\" maxlength=\"400\" class=\"wpcf7-form-control wpcf7-email wpcf7-validates-as-required wpcf7-text wpcf7-validates-as-email\" aria-required=\"true\" aria-invalid=\"false\" value=\"\" type=\"email\" name=\"your-email\" \/><\/span>\n\t<\/p>\n\t<p>\u00c4rende\n\t<\/p>\n\t<p><span class=\"wpcf7-form-control-wrap\" data-name=\"your-subject\"><input size=\"40\" maxlength=\"400\" class=\"wpcf7-form-control wpcf7-text\" aria-invalid=\"false\" value=\"\" type=\"text\" name=\"your-subject\" \/><\/span>\n\t<\/p>\n\t<p>Meddelande\n\t<\/p>\n\t<p><span class=\"wpcf7-form-control-wrap\" data-name=\"your-message\"><textarea cols=\"40\" rows=\"10\" maxlength=\"2000\" class=\"wpcf7-form-control wpcf7-textarea\" aria-invalid=\"false\" name=\"your-message\"><\/textarea><\/span>\n\t<\/p>\n\t<p style=\"display: none\">Website\n\t<\/p>\n\t<p><span class=\"wpcf7-form-control-wrap\" data-name=\"your-url\"><input size=\"40\" maxlength=\"400\" class=\"wpcf7-form-control wpcf7-text\" aria-invalid=\"false\" value=\"\" type=\"text\" name=\"your-url\" \/><\/span>\n\t<\/p>\n\t<p><input class=\"wpcf7-form-control wpcf7-submit has-spinner\" type=\"submit\" value=\"Skicka\" \/>\n\t<\/p>\n<\/div><p style=\"display: none !important;\" class=\"akismet-fields-container\" data-prefix=\"_wpcf7_ak_\"><label>&#916;<textarea name=\"_wpcf7_ak_hp_textarea\" cols=\"45\" rows=\"8\" maxlength=\"100\"><\/textarea><\/label><input type=\"hidden\" id=\"ak_js_2\" name=\"_wpcf7_ak_js\" value=\"109\"\/><script>document.getElementById( \"ak_js_2\" ).setAttribute( \"value\", ( new Date() ).getTime() );<\/script><\/p><div class=\"wpcf7-response-output\" aria-hidden=\"true\"><\/div>\n<\/form>\n<\/div>\n<\/address>\n<p><\/p>","protected":false},"excerpt":{"rendered":"<p>K\u00e4vlinge: Shaktiyoga. Bruksgatan 5, 244 30 K\u00e4vlinge Esl\u00f6v: Rygg- och Idrottscentrum. Vasagatan 2C, Esl\u00f6v Office and postal address: Satya Yoga, c\/o Julie Yudina, S\u00f6dra v\u00e4gen 7C, Lund. Tel: 0762-30 17 11 Contact Form To ask questions or leave feedback about my courses, website or yoga in general, send an e-mail to julie(a)satyayoga.se or fill in [&hellip;]<\/p>\n","protected":false},"author":2,"featured_media":0,"parent":0,"menu_order":0,"comment_status":"closed","ping_status":"closed","template":"","meta":{"footnotes":""},"class_list":["post-15","page","type-page","status-publish","hentry"],"_links":{"self":[{"href":"https:\/\/satyayoga.se\/en\/wp-json\/wp\/v2\/pages\/15","targetHints":{"allow":["GET"]}}],"collection":[{"href":"https:\/\/satyayoga.se\/en\/wp-json\/wp\/v2\/pages"}],"about":[{"href":"https:\/\/satyayoga.se\/en\/wp-json\/wp\/v2\/types\/page"}],"author":[{"embeddable":true,"href":"https:\/\/satyayoga.se\/en\/wp-json\/wp\/v2\/users\/2"}],"replies":[{"embeddable":true,"href":"https:\/\/satyayoga.se\/en\/wp-json\/wp\/v2\/comments?post=15"}],"version-history":[{"count":7,"href":"https:\/\/satyayoga.se\/en\/wp-json\/wp\/v2\/pages\/15\/revisions"}],"predecessor-version":[{"id":2323,"href":"https:\/\/satyayoga.se\/en\/wp-json\/wp\/v2\/pages\/15\/revisions\/2323"}],"wp:attachment":[{"href":"https:\/\/satyayoga.se\/en\/wp-json\/wp\/v2\/media?parent=15"}],"curies":[{"name":"wp","href":"https:\/\/api.w.org\/{rel}","templated":true}]}}