{"id":1618,"date":"2018-11-25T19:08:29","date_gmt":"2018-11-25T19:08:29","guid":{"rendered":"https:\/\/satyayoga.se\/?page_id=1618"},"modified":"2025-12-04T11:33:14","modified_gmt":"2025-12-04T11:33:14","slug":"pagaende-kurser-ongoing-courses","status":"publish","type":"page","link":"https:\/\/satyayoga.se\/en\/kurser\/pagaende-kurser-ongoing-courses\/","title":{"rendered":"Ongoing courses"},"content":{"rendered":"<p>New courses, autumn 2020: <a href=\"#enKavlinge\">K\u00e4vlinge<\/a> | <a href=\"#enEslov\">Esl\u00f6v<\/a> | <a href=\"#enLund\">Lund<\/a><br \/>\nFor availability of the courses, please refer to the <a href=\"\/kurser\/\">Swedish course list<\/a><\/p>\n<h4 id=\"enKavlinge\">K\u00e4vlinge<\/h4>\n<p><strong>Place<\/strong>: Bruksgatan 5, K\u00e4vlinge<\/p>\n<h4 id=\"km17e\"><a href=\"https:\/\/satyayoga.se\/en\/kurser\/yoga-for-ryggen\/\">Yoga for a happy Upper and Lower back in K\u00e4vlinge<\/a><\/h4>\n<p>Includes physical yoga (asana) and short relaxation.<br \/>\n<strong>Mondays<\/strong> 17:00 &#8211; 18:00 06\/09 \u2013 18\/10 7 times;<br \/>\n<strong>Thursdays<\/strong> 17:00 &#8211; 18:00 09\/09 \u2013 21\/10, 7 times<br \/>\n<a class=\"anmal\" href=\"https:\/\/satyayoga.se\/en\/kontakt\/anmalan\/\"><strong>Registration<\/strong><\/a><\/p>\n<h4 id=\"ko17e\"><a href=\"https:\/\/satyayoga.se\/en\/kurser\/gentle-yoga\/\">Gentle yoga and relaxation in K\u00e4vlinge<\/a><\/h4>\n<p>Includes gentle physical yoga, breathing exercises (pranayama), deep relaxation (Yoga Nidra) and meditation.<br \/>\n<strong>Wednesdays<\/strong> 17:00 &#8211; 18:30: 08\/09 \u2013 20\/10 7 times<br \/>\n<a class=\"anmal\" href=\"https:\/\/satyayoga.se\/en\/kontakt\/anmalan\/\"><strong>Registration<\/strong><\/a><\/p>\n<h4 id=\"ko17e\"><a href=\"https:\/\/satyayoga.se\/en\/kurser\/yoga-och-avslappning-grundkurs\/\">Yoga, relaxation and meditation for beginners in K\u00e4vlinge, Level 1<\/a><\/h4>\n<p>Includes physical yoga (asana), breathing exercises (pranayama), deep relaxation (Yoga Nidra) and meditation<br \/>\n<strong>Thursdays<\/strong> 18:15 &#8211; 20:00: 26\/08 \u2013 21\/10 (break 02\/09), 8 times<br \/>\n<strong>Saturdays<\/strong> 10:00 &#8211; 11:45: 28\/08 \u2013 16\/10 (break 4\/9), 7 times<br \/>\n<a class=\"anmal\" href=\"https:\/\/satyayoga.se\/en\/kontakt\/anmalan\/\"><strong>Registration<\/strong><\/a><\/p>\n<h4 id=\"ks17e\"><a href=\"https:\/\/satyayoga.se\/en\/kurser\/yoga-mellansteg\/\">Intermediate class of yoga and meditation in K\u00e4vlinge, Level 2<\/a><\/h4>\n<p>Includes physical yoga (asana), breathing exercises (pranayama), deep relaxation (Yoga Nidra) and meditation<br \/>\n<strong>Sundays<\/strong> 17:00 &#8211; 18:45: 29\/08 \u2013 24\/10, 9 times<br \/>\n<a class=\"anmal\" href=\"https:\/\/satyayoga.se\/en\/kontakt\/anmalan\/\"><strong>Registration<\/strong><\/a><\/p>\n<h4 id=\"km18e\"><a href=\"https:\/\/satyayoga.se\/en\/kurser\/yoga-mellansteg\/\">Upper-Intermediate class of yoga and meditation in K\u00e4vlinge, Level 3<\/a><\/h4>\n<p>Includes physical yoga (asana), breathing exercises (pranayama), deep relaxation (Yoga Nidra) and meditation<br \/>\n<strong>Mondays<\/strong> 18:15 &#8211; 20:00: 23\/08 \u2013 18\/10 (break 30\/08), 8 times.<br \/>\n<a class=\"anmal\" href=\"https:\/\/satyayoga.se\/en\/kontakt\/anmalan\/\"><strong>Registration<\/strong><\/a><\/p>\n<h4 id=\"ko19e\"><a href=\"https:\/\/satyayoga.se\/en\/meditationskurs\/\">Meditation course in K\u00e4vlinge, Level 2<\/a><\/h4>\n<p>Includes an advanced meditation Ajapa Japa. This course is only for experienced practitioners, who have done the short variation of Ajapa Japa, Vishuddhi Shuddhi (The Source of Energy)<br \/>\n<strong>Wednesdays<\/strong>: 19:00 &#8211; 20:15: 08\/09 \u2013 10\/11 (break 27\/10), 9 times.<br \/>\n<a class=\"anmal\" href=\"https:\/\/satyayoga.se\/en\/kontakt\/anmalan\/\"><strong>Registration<\/strong><\/a><\/p>\n<h3 id=\"enEslov\">Esl\u00f6v<\/h3>\n<h4 id=\"Eti17e\"><a href=\"https:\/\/satyayoga.se\/en\/kurser\/yoga-for-ryggen\/\">Yoga for a happy Upper and Lower back in Esl\u00f6v<\/a><\/h4>\n<p>Includes physical yoga (asana) for building core strength and flexibility, and lengthen the spine to minimise low back pressure and pain. Each class ends with short relaxation.<br \/>\n<strong>Place<\/strong>: Rygg- och Idrottscentrum; Vasagatan 2C<br \/>\nTuesdays 07\/09 \u2013 19\/10 7 times<br \/>\n<strong>Time<\/strong>: 17:15 &#8211; 18:15<br \/>\n<strong>Price<\/strong>: 815:-\/734:- for students, unemployed, long-term sick-listed and retired<br \/>\n<a class=\"anmal\" href=\"https:\/\/satyayoga.se\/en\/kontakt\/anmalan\/\"><strong>Registration<\/strong><\/a><\/p>\n<h4 id=\"Eti18e\"><a href=\"https:\/\/satyayoga.se\/en\/kurser\/yoga-och-avslappning-grundkurs\/\">Yoga and relaxation for beginners in Esl\u00f6v<\/a><\/h4>\n<p>Includes physical yoga (asana), breathing exercises (pranayama), deep relaxation (Yoga Nidra)<br \/>\n<strong>Place<\/strong>: Rygg- och Idrottscentrum; Vasagatan 2C<br \/>\nTuesdays 07\/09 \u2013 19\/10 7 times<br \/>\n<strong>Time<\/strong>: 18.30 &#8211; 20:15<br \/>\n<strong>Price<\/strong>: 1075:-\/968:- for students, unemployed, long-term sick-listed and retired<br \/>\n<a class=\"anmal\" href=\"https:\/\/satyayoga.se\/en\/kontakt\/anmalan\/\"><strong>Registration<\/strong><\/a><\/p>\n<p><!--\n\n\n<h4 id=\"enLund\">Lund<\/h4>\n\n\n<strong>Place<\/strong>: Fabriksgatan 2\n<strong>Fridays<\/strong>: from 25\/09, 9 times\n\n\n<h4><a href=\"https:\/\/satyayoga.se\/en\/kurser\/yoga-och-avslappning-grundkurs\/\">Yoga for a happy Upper and Lower back  in Lund<\/a><\/h4>\n\n\nIncludes physical yoga (asana) for building core strength and flexibility, and lengthen the spine to minimise low back pressure and pain. Each class ends with short relaxation.\nKl. 15:45 - 16:45\n\n\n<h4 id=\"Eti18e\"><a href=\"https:\/\/satyayoga.se\/en\/kurser\/yoga-och-avslappning-grundkurs\/\">Yoga and relaxation for beginners in Lund<\/a><\/h4>\n\n\nIncludes physical yoga (asana), breathing exercises (pranayama), deep relaxation (Yoga Nidra)\nKl. 17:00 - 18:45\n<strong>Register here<\/strong>: <a href=\"https:\/\/www.medborgarskolan.se\/arrangemang-sok\/yoga-djupavspanning-meditation-1212974\/\" class=\"anmal\">Medborgarskolan<\/a>\n--><\/p>\n<p><strong>If you miss a class, you may make it up in another class during the same season<\/strong><\/p>\n<h2><strong><span style=\"color: #333399;\"><a title=\"Apply\" href=\"https:\/\/satyayoga.se\/kontakt\/anmalan\/\" target=\"_blank\" rel=\"noopener noreferrer\">Course Registration<\/a><\/span><\/strong><\/h2>\n<p><code><\/code><\/p>","protected":false},"excerpt":{"rendered":"<p>New courses, autumn 2020: K\u00e4vlinge | Esl\u00f6v | Lund For availability of the courses, please refer to the Swedish course list K\u00e4vlinge Place: Bruksgatan 5, K\u00e4vlinge Yoga for a happy Upper and Lower back in K\u00e4vlinge Includes physical yoga (asana) and short relaxation. Mondays 17:00 &#8211; 18:00 06\/09 \u2013 18\/10 7 times; Thursdays 17:00 &#8211; [&hellip;]<\/p>\n","protected":false},"author":1,"featured_media":0,"parent":9,"menu_order":0,"comment_status":"closed","ping_status":"closed","template":"","meta":{"footnotes":""},"class_list":["post-1618","page","type-page","status-publish","hentry"],"_links":{"self":[{"href":"https:\/\/satyayoga.se\/en\/wp-json\/wp\/v2\/pages\/1618","targetHints":{"allow":["GET"]}}],"collection":[{"href":"https:\/\/satyayoga.se\/en\/wp-json\/wp\/v2\/pages"}],"about":[{"href":"https:\/\/satyayoga.se\/en\/wp-json\/wp\/v2\/types\/page"}],"author":[{"embeddable":true,"href":"https:\/\/satyayoga.se\/en\/wp-json\/wp\/v2\/users\/1"}],"replies":[{"embeddable":true,"href":"https:\/\/satyayoga.se\/en\/wp-json\/wp\/v2\/comments?post=1618"}],"version-history":[{"count":56,"href":"https:\/\/satyayoga.se\/en\/wp-json\/wp\/v2\/pages\/1618\/revisions"}],"predecessor-version":[{"id":3263,"href":"https:\/\/satyayoga.se\/en\/wp-json\/wp\/v2\/pages\/1618\/revisions\/3263"}],"up":[{"embeddable":true,"href":"https:\/\/satyayoga.se\/en\/wp-json\/wp\/v2\/pages\/9"}],"wp:attachment":[{"href":"https:\/\/satyayoga.se\/en\/wp-json\/wp\/v2\/media?parent=1618"}],"curies":[{"name":"wp","href":"https:\/\/api.w.org\/{rel}","templated":true}]}}